{"id":9,"date":"2026-02-08T18:14:12","date_gmt":"2026-02-08T18:14:12","guid":{"rendered":"http:\/\/www.directgroup.cz\/?page_id=9"},"modified":"2026-02-08T18:14:52","modified_gmt":"2026-02-08T18:14:52","slug":"lerm-s-r-o","status":"publish","type":"page","link":"https:\/\/www.directgroup.cz\/","title":{"rendered":"LERM s.r.o."},"content":{"rendered":"\n<p><a href=\"https:\/\/www.lerm.cz\/\">P\u0159ej\u00edt na webov\u00e9 str\u00e1nky&#8230;<\/a><\/p>\n\n\n\n<p><\/p>\n","protected":false},"excerpt":{"rendered":"<p>P\u0159ej\u00edt na webov\u00e9 str\u00e1nky&#8230;<\/p>\n","protected":false},"author":1,"featured_media":0,"parent":0,"menu_order":0,"comment_status":"closed","ping_status":"closed","template":"","meta":{"footnotes":""},"class_list":["post-9","page","type-page","status-publish","hentry"],"_links":{"self":[{"href":"https:\/\/www.directgroup.cz\/index.php?rest_route=\/wp\/v2\/pages\/9","targetHints":{"allow":["GET"]}}],"collection":[{"href":"https:\/\/www.directgroup.cz\/index.php?rest_route=\/wp\/v2\/pages"}],"about":[{"href":"https:\/\/www.directgroup.cz\/index.php?rest_route=\/wp\/v2\/types\/page"}],"author":[{"embeddable":true,"href":"https:\/\/www.directgroup.cz\/index.php?rest_route=\/wp\/v2\/users\/1"}],"replies":[{"embeddable":true,"href":"https:\/\/www.directgroup.cz\/index.php?rest_route=%2Fwp%2Fv2%2Fcomments&post=9"}],"version-history":[{"count":2,"href":"https:\/\/www.directgroup.cz\/index.php?rest_route=\/wp\/v2\/pages\/9\/revisions"}],"predecessor-version":[{"id":11,"href":"https:\/\/www.directgroup.cz\/index.php?rest_route=\/wp\/v2\/pages\/9\/revisions\/11"}],"wp:attachment":[{"href":"https:\/\/www.directgroup.cz\/index.php?rest_route=%2Fwp%2Fv2%2Fmedia&parent=9"}],"curies":[{"name":"wp","href":"https:\/\/api.w.org\/{rel}","templated":true}]}}